{"id":54169,"date":"2020-08-20T10:58:15","date_gmt":"2020-08-20T08:58:15","guid":{"rendered":"http:\/\/www.fondazionemps.io\/organi-di-controllo\/"},"modified":"2021-04-09T17:31:40","modified_gmt":"2021-04-09T15:31:40","slug":"supervisory-bodies","status":"publish","type":"page","link":"https:\/\/www.fondazionemps.it\/en\/foundation\/supervisory-bodies\/","title":{"rendered":"Supervisory Bodies"},"content":{"rendered":"<p>[et_pb_section fb_built=&#8221;1&#8243; _builder_version=&#8221;4.6.1&#8243; _module_preset=&#8221;default&#8221; custom_padding=&#8221;7px|||||&#8221;][et_pb_row _builder_version=&#8221;4.6.1&#8243; _module_preset=&#8221;default&#8221; width=&#8221;100%&#8221;][et_pb_column type=&#8221;4_4&#8243; _builder_version=&#8221;4.6.1&#8243; _module_preset=&#8221;default&#8221;][et_pb_text _builder_version=&#8221;4.6.1&#8243; _module_preset=&#8221;default&#8221; module_alignment=&#8221;left&#8221; custom_margin=&#8221;||20px|||&#8221;]<\/p>\n<h2>Collegio dei Sindaci<\/h2>\n<p>[\/et_pb_text][et_pb_divider divider_weight=&#8221;4px&#8221; _builder_version=&#8221;4.6.1&#8243; _module_preset=&#8221;default&#8221; width=&#8221;6%&#8221;][\/et_pb_divider][\/et_pb_column][\/et_pb_row][et_pb_row column_structure=&#8221;1_3,1_3,1_3&#8243; use_custom_gutter=&#8221;on&#8221; gutter_width=&#8221;4&#8243; _builder_version=&#8221;4.6.1&#8243; _module_preset=&#8221;default&#8221; width=&#8221;100%&#8221; locked=&#8221;off&#8221;][et_pb_column type=&#8221;1_3&#8243; _builder_version=&#8221;4.5.6&#8243; _module_preset=&#8221;default&#8221;][et_pb_text _builder_version=&#8221;4.6.1&#8243; _module_preset=&#8221;default&#8221; text_text_color=&#8221;#6b6b6b&#8221; text_font_size=&#8221;14px&#8221; text_line_height=&#8221;1.4em&#8221; header_6_font=&#8221;Open Sans||||||||&#8221; header_6_text_color=&#8221;#8e8e8e&#8221;]<\/p>\n<h3 class=\"q_team_name\">Giacomo Brogi<\/h3>\n<p>Presidente<\/p>\n<p>[\/et_pb_text][et_pb_toggle title=&#8221;leggi&#8221; open_toggle_text_color=&#8221;#000000&#8243; open_toggle_background_color=&#8221;rgba(0,0,0,0)&#8221; closed_toggle_background_color=&#8221;rgba(0,0,0,0)&#8221; use_icon_font_size=&#8221;on&#8221; icon_font_size=&#8221;18px&#8221; _builder_version=&#8221;4.6.1&#8243; _module_preset=&#8221;default&#8221; title_text_color=&#8221;#000000&#8243; title_font=&#8221;Playfair Display||on||||||&#8221; title_text_align=&#8221;left&#8221; width=&#8221;93%&#8221; custom_margin=&#8221;||40px|-19px|false|false&#8221; border_width_all=&#8221;0px&#8221; border_width_bottom=&#8221;2px&#8221;]<\/p>\n<p><span>Dottore commercialista dal 1986 \u00e8 Presidente del Collegio sindacale della societ\u00e0 IMP.RI.S S.p.A, della Fondazione Toscana Life Sciences e di Siena Parcheggi. E\u2019 stato Revisore dei conti di varie amministrazioni comunali e membro del Collegio sindacale di numerose societ\u00e0 del territorio.<\/span><br \/> <span>E\u2019 iscritto all\u2019Ordine dei Dottori Commercialisti, di cui \u00e8 stato membro del consiglio per tre mandati, al Registro dei Revisori contabili e all\u2019elenco dei Periti del tribunale di Siena.<\/span><\/p>\n<p>[\/et_pb_toggle][et_pb_text _builder_version=&#8221;4.6.1&#8243; _module_preset=&#8221;default&#8221; text_text_color=&#8221;#6b6b6b&#8221; text_font_size=&#8221;14px&#8221; text_line_height=&#8221;1.4em&#8221; header_6_font=&#8221;Open Sans||||||||&#8221; header_6_text_color=&#8221;#8e8e8e&#8221;]<\/p>\n<h3 class=\"q_team_name\">Enrico Auriemma<\/h3>\n<div class=\"q_team_title_holder\"><span>Sindaco supplente<\/span><\/div>\n<p>[\/et_pb_text][\/et_pb_column][et_pb_column type=&#8221;1_3&#8243; _builder_version=&#8221;4.5.6&#8243; _module_preset=&#8221;default&#8221;][et_pb_text _builder_version=&#8221;4.6.1&#8243; _module_preset=&#8221;default&#8221; text_text_color=&#8221;#6b6b6b&#8221; text_font_size=&#8221;14px&#8221; text_line_height=&#8221;1.4em&#8221; header_6_font=&#8221;Open Sans||||||||&#8221; header_6_text_color=&#8221;#8e8e8e&#8221;]<\/p>\n<h3 class=\"q_team_name\">Gianni Baldini<\/h3>\n<p><span>Sindaco<\/span><\/p>\n<p>[\/et_pb_text][et_pb_toggle title=&#8221;leggi&#8221; open_toggle_text_color=&#8221;#000000&#8243; open_toggle_background_color=&#8221;rgba(0,0,0,0)&#8221; closed_toggle_background_color=&#8221;rgba(0,0,0,0)&#8221; use_icon_font_size=&#8221;on&#8221; icon_font_size=&#8221;18px&#8221; _builder_version=&#8221;4.6.1&#8243; _module_preset=&#8221;default&#8221; title_text_color=&#8221;#000000&#8243; title_font=&#8221;Playfair Display||on||||||&#8221; title_text_align=&#8221;left&#8221; width=&#8221;93%&#8221; custom_margin=&#8221;||40px|-19px|false|false&#8221; border_width_all=&#8221;0px&#8221; border_width_bottom=&#8221;2px&#8221;]<\/p>\n<p><span>Libero professionista, dal 1994 svolge attivit\u00e0 di commercialista presso il proprio studio a Poggibonsi, oltre che allo Studio Arisi Commercialisti, di cui \u00e8 membro associato da gennaio 2017. E\u2019 consulente esterno esperto in analisi di bilancio e controllo gestioni e pianificazione finanziaria per varie imprese e associazioni ed \u00e8 componente del Collegio Sindacale in numerose societ\u00e0 di Siena, Firenze, Arezzo e Roma.<\/span><br \/><span>Dal 1998 si occupa del settore no profit ed \u00e8 consulente amministrativo e tributario di fondazioni, cooperative, consorzi, associazioni sportive dilettantistiche, di promozione sociale e culturali, oltre che di onlus ed organismi di volontariato in genere.<\/span><br \/><span>E\u2019 iscritto nell\u2019elenco dei Revisori dei Conti degli Enti locali, dei Revisori legali e all\u2019Ordine dei Dottori Commercialisti ed Esperti Contabili di Siena, di cui \u00e8 stato membro della Commissione Enti no profit.<\/span><\/p>\n<p>[\/et_pb_toggle][et_pb_text _builder_version=&#8221;4.6.1&#8243; _module_preset=&#8221;default&#8221; text_text_color=&#8221;#6b6b6b&#8221; text_font_size=&#8221;14px&#8221; text_line_height=&#8221;1.4em&#8221; header_6_font=&#8221;Open Sans||||||||&#8221; header_6_text_color=&#8221;#8e8e8e&#8221;]<\/p>\n<h3 class=\"q_team_name\">Marco Ragni<\/h3>\n<p>Sindaco supplente<\/p>\n<p>[\/et_pb_text][\/et_pb_column][et_pb_column type=&#8221;1_3&#8243; _builder_version=&#8221;4.5.6&#8243; _module_preset=&#8221;default&#8221;][et_pb_text _builder_version=&#8221;4.6.1&#8243; _module_preset=&#8221;default&#8221; text_text_color=&#8221;#6b6b6b&#8221; text_font_size=&#8221;14px&#8221; text_line_height=&#8221;1.4em&#8221; header_6_font=&#8221;Open Sans||||||||&#8221; header_6_text_color=&#8221;#8e8e8e&#8221;]<\/p>\n<h3 class=\"q_team_name\">Francesco Bonelli<\/h3>\n<p>Sindaco<\/p>\n<p>[\/et_pb_text][et_pb_toggle title=&#8221;leggi&#8221; open_toggle_text_color=&#8221;#000000&#8243; open_toggle_background_color=&#8221;rgba(0,0,0,0)&#8221; closed_toggle_background_color=&#8221;rgba(0,0,0,0)&#8221; use_icon_font_size=&#8221;on&#8221; icon_font_size=&#8221;18px&#8221; _builder_version=&#8221;4.5.6&#8243; _module_preset=&#8221;default&#8221; title_text_color=&#8221;#000000&#8243; title_font=&#8221;Playfair Display||on||||||&#8221; title_text_align=&#8221;left&#8221; width=&#8221;93%&#8221; custom_margin=&#8221;||40px|-19px|false|false&#8221; border_width_all=&#8221;0px&#8221; border_width_bottom=&#8221;2px&#8221;]<\/p>\n<p><span>Dottore commercialista dal 1988 \u00e8 socio dello \u201cSudio Bonelli e Lorini Dottori Commercialisti Associati\u201d di Poggibonsi. E\u2019 iscritto all\u2019Albo dei consulenti Tecnici presso il Tribunale di Siena, presso cui ha assunto vari incarichi, al Registro dei Revisori Contabili e all\u2019Ordine dei Dottori Commercialisti di Siena, di cui \u00e8 stato membro del Consiglio dal 1994 al 2000 e Presidente per i tre anni successivi. Svolge attivit\u00e0 di consulenza aziendale societaria e fiscale a favore di aziende industriali, commerciali e di enti non profit, anche di rilevanza nazionale; riveste la carica di Sindaco effettivo e Presidente del collegio sindacale presso varie societ\u00e0 commerciali; attualmente \u00e8 e Sindaco Unico di Banfi Societ\u00e0 Agricola Srl, primaria societ\u00e0 italiana operante nel settore vitivinicolo, e Presidente del Collegio sindacale di Artigiancredito Toscano SpA. E\u2019 Membro del Collegio Sindacale di una societ\u00e0 del gruppo ENI SpA e Sindaco Unico e Revisore in una primaria societ\u00e0 nazionale nel settore Camper e Caravan.<\/span><br \/><span>E\u2019 stato Presidente del Collegio sindacale di Mps Capital Service e Banca Popolare di Spoleto.<\/span><\/p>\n<p>[\/et_pb_toggle][\/et_pb_column][\/et_pb_row][et_pb_row _builder_version=&#8221;4.6.1&#8243; _module_preset=&#8221;default&#8221; width=&#8221;100%&#8221; custom_padding=&#8221;||0px|||&#8221;][et_pb_column type=&#8221;4_4&#8243; _builder_version=&#8221;4.6.1&#8243; _module_preset=&#8221;default&#8221;][et_pb_text _builder_version=&#8221;4.6.1&#8243; _module_preset=&#8221;default&#8221; module_alignment=&#8221;left&#8221; custom_margin=&#8221;||19px|||&#8221;]<\/p>\n<h2>Organismo di Vigilanza<\/h2>\n<p>[\/et_pb_text][et_pb_divider divider_weight=&#8221;4px&#8221; _builder_version=&#8221;4.6.1&#8243; _module_preset=&#8221;default&#8221; width=&#8221;6%&#8221;][\/et_pb_divider][\/et_pb_column][\/et_pb_row][et_pb_row column_structure=&#8221;1_3,1_3,1_3&#8243; _builder_version=&#8221;4.6.1&#8243; _module_preset=&#8221;default&#8221; width=&#8221;100%&#8221; custom_padding=&#8221;||0px|||&#8221;][et_pb_column type=&#8221;1_3&#8243; _builder_version=&#8221;4.6.1&#8243; _module_preset=&#8221;default&#8221;][et_pb_text _builder_version=&#8221;4.6.1&#8243; _module_preset=&#8221;default&#8221; text_text_color=&#8221;#6b6b6b&#8221; text_font_size=&#8221;14px&#8221; text_line_height=&#8221;1.4em&#8221; header_6_font=&#8221;Open Sans||||||||&#8221; header_6_text_color=&#8221;#8e8e8e&#8221;]<\/p>\n<h3 class=\"q_team_name\">Gerardo Diamanti<\/h3>\n<div class=\"q_team_title_holder\"><\/div>\n<p>[\/et_pb_text][et_pb_toggle title=&#8221;leggi&#8221; open_toggle_text_color=&#8221;#000000&#8243; open_toggle_background_color=&#8221;rgba(0,0,0,0)&#8221; closed_toggle_background_color=&#8221;rgba(0,0,0,0)&#8221; use_icon_font_size=&#8221;on&#8221; icon_font_size=&#8221;18px&#8221; _builder_version=&#8221;4.6.1&#8243; _module_preset=&#8221;default&#8221; title_text_color=&#8221;#000000&#8243; title_font=&#8221;Playfair Display||on||||||&#8221; title_text_align=&#8221;left&#8221; custom_margin=&#8221;||40px|-19px|false|false&#8221; border_width_all=&#8221;0px&#8221; border_width_bottom=&#8221;2px&#8221;]<\/p>\n<p><span>Dottore commercialista e revisore contabile iscritto dal 1992 all&#8217;Ordine dei Dottori Commercialisti e degli Esperti Contabili di Bologna, svolge attivit\u00e0 di consulenza nell&#8217;ambito dei sistemi di controllo interno e della\u00a0<\/span><em>compliance<\/em><span>. Attualmente membro dell&#8217;Organismo di Vigilanza ex Dlgs 231\/01 di IMA SpA, GIMA TT SpA, Fabio Perini SpA, di TAS Tecnologia Avanzata dei Sistemi e di Furla SpA, ed \u00e8 stato membro degli OdV di Yoox SpA e Datalogic SpA. Ricopre il ruolo di Internai Auditor per Massimo Zanetti Beverage Group SpA, per lo quale ha curato personalmente l&#8217;istituzione della funzione, e per TAS Tecnologia Avanzata dei Sistemi, entrambe societ\u00e0 quotate in Borsa.<\/span><br \/><span>Ha preso parte a diversi progetti di implementazione e\/o aggiornamento di Modelli Organizzativi 231\/01 presso primarie societ\u00e0 tra le quali Automobili Lamborghini, Fabio Perini, Gruppo IMA, Evonik, Toyota Material Handling, Risanamento e Metalcastello.<\/span><br \/><span>Dal 2010 al 2017 \u00e8 stato partner di Fidital Revisione Srl, responsabile dell&#8217;ufficio di Bologna e dell&#8217;Area Emilia Romagna e Toscana; \u00e8 stato, per cinque anni, Deputy CFO di Buongiorno SpA e CFO del Gruppo Baglietto, mentre dal 1989 al 2005 ha lavorato con PwC (uffici di Milano, Lussemburgo e Bologna) con qualifica di Senior Manager.<\/span><br \/><span>Ha maturato significative esperienze nell&#8217;ambito della revisione societ\u00e0 quotate e gruppi a matrice internazionale, nel settore manifatturiero, commerciale e dei servizi, e ha assistito diverse societ\u00e0 in progetti di IPO (tra cui Datalogic, Gruppo Trevi, Beghelli, Buongiorno e TXT e-solutions). Dal 2001 al 2004, come Senior Manager del team Litigation Support di PwC, ha partecipato e condotto diversi incarichi a supporto di indagini interne svolte per verifiche di compliance e reati societari.<\/span><\/p>\n<p>[\/et_pb_toggle][\/et_pb_column][et_pb_column type=&#8221;1_3&#8243; _builder_version=&#8221;4.6.1&#8243; _module_preset=&#8221;default&#8221;][\/et_pb_column][et_pb_column type=&#8221;1_3&#8243; _builder_version=&#8221;4.6.1&#8243; _module_preset=&#8221;default&#8221;][\/et_pb_column][\/et_pb_row][\/et_pb_section]<\/p>\n","protected":false},"excerpt":{"rendered":"<p>Collegio dei SindaciGiacomo Brogi PresidenteDottore commercialista dal 1986 \u00e8 Presidente del Collegio sindacale della societ\u00e0 IMP.RI.S S.p.A, della Fondazione Toscana Life Sciences e di Siena Parcheggi. E\u2019 stato Revisore dei conti di varie amministrazioni comunali e membro del Collegio sindacale di numerose societ\u00e0 del territorio. E\u2019 iscritto all\u2019Ordine dei Dottori Commercialisti, di cui \u00e8 stato [&hellip;]<\/p>\n","protected":false},"author":1,"featured_media":0,"parent":54094,"menu_order":0,"comment_status":"closed","ping_status":"closed","template":"","meta":{"_acf_changed":false,"_et_pb_use_builder":"on","_et_pb_old_content":"","_et_gb_content_width":"","footnotes":""},"dipi_cpt_category":[],"class_list":["post-54169","page","type-page","status-publish","format-standard","hentry"],"acf":[],"yoast_head":"<!-- This site is optimized with the Yoast SEO plugin v27.5 - https:\/\/yoast.com\/product\/yoast-seo-wordpress\/ -->\n<title>Supervisory Bodies - Fondazione Monte dei Paschi di Siena<\/title>\n<meta name=\"robots\" content=\"index, follow, max-snippet:-1, max-image-preview:large, max-video-preview:-1\" \/>\n<link rel=\"canonical\" href=\"https:\/\/www.fondazionemps.it\/fondazione\/organi-di-controllo\/\" \/>\n<meta property=\"og:locale\" content=\"en_US\" \/>\n<meta property=\"og:type\" content=\"article\" \/>\n<meta property=\"og:title\" content=\"Supervisory Bodies - Fondazione Monte dei Paschi di Siena\" \/>\n<meta property=\"og:description\" content=\"Collegio dei SindaciGiacomo Brogi PresidenteDottore commercialista dal 1986 \u00e8 Presidente del Collegio sindacale della societ\u00e0 IMP.RI.S S.p.A, della Fondazione Toscana Life Sciences e di Siena Parcheggi. E\u2019 stato Revisore dei conti di varie amministrazioni comunali e membro del Collegio sindacale di numerose societ\u00e0 del territorio. E\u2019 iscritto all\u2019Ordine dei Dottori Commercialisti, di cui \u00e8 stato [&hellip;]\" \/>\n<meta property=\"og:url\" content=\"https:\/\/www.fondazionemps.it\/fondazione\/organi-di-controllo\/\" \/>\n<meta property=\"og:site_name\" content=\"Fondazione Monte dei Paschi di Siena\" \/>\n<meta property=\"article:modified_time\" content=\"2021-04-09T15:31:40+00:00\" \/>\n<meta name=\"twitter:card\" content=\"summary_large_image\" \/>\n<meta name=\"twitter:label1\" content=\"Est. reading time\" \/>\n\t<meta name=\"twitter:data1\" content=\"7 minutes\" \/>\n<script type=\"application\/ld+json\" class=\"yoast-schema-graph\">{\"@context\":\"https:\\\/\\\/schema.org\",\"@graph\":[{\"@type\":\"WebPage\",\"@id\":\"https:\\\/\\\/www.fondazionemps.it\\\/fondazione\\\/organi-di-controllo\\\/\",\"url\":\"https:\\\/\\\/www.fondazionemps.it\\\/fondazione\\\/organi-di-controllo\\\/\",\"name\":\"Supervisory Bodies - Fondazione Monte dei Paschi di Siena\",\"isPartOf\":{\"@id\":\"https:\\\/\\\/www.fondazionemps.it\\\/#website\"},\"datePublished\":\"2020-08-20T08:58:15+00:00\",\"dateModified\":\"2021-04-09T15:31:40+00:00\",\"breadcrumb\":{\"@id\":\"https:\\\/\\\/www.fondazionemps.it\\\/fondazione\\\/organi-di-controllo\\\/#breadcrumb\"},\"inLanguage\":\"en-US\",\"potentialAction\":[{\"@type\":\"ReadAction\",\"target\":[\"https:\\\/\\\/www.fondazionemps.it\\\/fondazione\\\/organi-di-controllo\\\/\"]}]},{\"@type\":\"BreadcrumbList\",\"@id\":\"https:\\\/\\\/www.fondazionemps.it\\\/fondazione\\\/organi-di-controllo\\\/#breadcrumb\",\"itemListElement\":[{\"@type\":\"ListItem\",\"position\":1,\"name\":\"Home\",\"item\":\"https:\\\/\\\/www.fondazionemps.it\\\/\"},{\"@type\":\"ListItem\",\"position\":2,\"name\":\"Foundation\",\"item\":\"https:\\\/\\\/www.fondazionemps.it\\\/fondazione\\\/\"},{\"@type\":\"ListItem\",\"position\":3,\"name\":\"Supervisory Bodies\"}]},{\"@type\":\"WebSite\",\"@id\":\"https:\\\/\\\/www.fondazionemps.it\\\/#website\",\"url\":\"https:\\\/\\\/www.fondazionemps.it\\\/\",\"name\":\"Fondazione Monte dei Paschi di Siena\",\"description\":\"Per uno sviluppo sostenibile\",\"potentialAction\":[{\"@type\":\"SearchAction\",\"target\":{\"@type\":\"EntryPoint\",\"urlTemplate\":\"https:\\\/\\\/www.fondazionemps.it\\\/?s={search_term_string}\"},\"query-input\":{\"@type\":\"PropertyValueSpecification\",\"valueRequired\":true,\"valueName\":\"search_term_string\"}}],\"inLanguage\":\"en-US\"}]}<\/script>\n<!-- \/ Yoast SEO plugin. -->","yoast_head_json":{"title":"Supervisory Bodies - Fondazione Monte dei Paschi di Siena","robots":{"index":"index","follow":"follow","max-snippet":"max-snippet:-1","max-image-preview":"max-image-preview:large","max-video-preview":"max-video-preview:-1"},"canonical":"https:\/\/www.fondazionemps.it\/fondazione\/organi-di-controllo\/","og_locale":"en_US","og_type":"article","og_title":"Supervisory Bodies - Fondazione Monte dei Paschi di Siena","og_description":"Collegio dei SindaciGiacomo Brogi PresidenteDottore commercialista dal 1986 \u00e8 Presidente del Collegio sindacale della societ\u00e0 IMP.RI.S S.p.A, della Fondazione Toscana Life Sciences e di Siena Parcheggi. E\u2019 stato Revisore dei conti di varie amministrazioni comunali e membro del Collegio sindacale di numerose societ\u00e0 del territorio. E\u2019 iscritto all\u2019Ordine dei Dottori Commercialisti, di cui \u00e8 stato [&hellip;]","og_url":"https:\/\/www.fondazionemps.it\/fondazione\/organi-di-controllo\/","og_site_name":"Fondazione Monte dei Paschi di Siena","article_modified_time":"2021-04-09T15:31:40+00:00","twitter_card":"summary_large_image","twitter_misc":{"Est. reading time":"7 minutes"},"schema":{"@context":"https:\/\/schema.org","@graph":[{"@type":"WebPage","@id":"https:\/\/www.fondazionemps.it\/fondazione\/organi-di-controllo\/","url":"https:\/\/www.fondazionemps.it\/fondazione\/organi-di-controllo\/","name":"Supervisory Bodies - Fondazione Monte dei Paschi di Siena","isPartOf":{"@id":"https:\/\/www.fondazionemps.it\/#website"},"datePublished":"2020-08-20T08:58:15+00:00","dateModified":"2021-04-09T15:31:40+00:00","breadcrumb":{"@id":"https:\/\/www.fondazionemps.it\/fondazione\/organi-di-controllo\/#breadcrumb"},"inLanguage":"en-US","potentialAction":[{"@type":"ReadAction","target":["https:\/\/www.fondazionemps.it\/fondazione\/organi-di-controllo\/"]}]},{"@type":"BreadcrumbList","@id":"https:\/\/www.fondazionemps.it\/fondazione\/organi-di-controllo\/#breadcrumb","itemListElement":[{"@type":"ListItem","position":1,"name":"Home","item":"https:\/\/www.fondazionemps.it\/"},{"@type":"ListItem","position":2,"name":"Foundation","item":"https:\/\/www.fondazionemps.it\/fondazione\/"},{"@type":"ListItem","position":3,"name":"Supervisory Bodies"}]},{"@type":"WebSite","@id":"https:\/\/www.fondazionemps.it\/#website","url":"https:\/\/www.fondazionemps.it\/","name":"Fondazione Monte dei Paschi di Siena","description":"Per uno sviluppo sostenibile","potentialAction":[{"@type":"SearchAction","target":{"@type":"EntryPoint","urlTemplate":"https:\/\/www.fondazionemps.it\/?s={search_term_string}"},"query-input":{"@type":"PropertyValueSpecification","valueRequired":true,"valueName":"search_term_string"}}],"inLanguage":"en-US"}]}},"_links":{"self":[{"href":"https:\/\/www.fondazionemps.it\/en\/wp-json\/wp\/v2\/pages\/54169","targetHints":{"allow":["GET"]}}],"collection":[{"href":"https:\/\/www.fondazionemps.it\/en\/wp-json\/wp\/v2\/pages"}],"about":[{"href":"https:\/\/www.fondazionemps.it\/en\/wp-json\/wp\/v2\/types\/page"}],"author":[{"embeddable":true,"href":"https:\/\/www.fondazionemps.it\/en\/wp-json\/wp\/v2\/users\/1"}],"replies":[{"embeddable":true,"href":"https:\/\/www.fondazionemps.it\/en\/wp-json\/wp\/v2\/comments?post=54169"}],"version-history":[{"count":3,"href":"https:\/\/www.fondazionemps.it\/en\/wp-json\/wp\/v2\/pages\/54169\/revisions"}],"predecessor-version":[{"id":54261,"href":"https:\/\/www.fondazionemps.it\/en\/wp-json\/wp\/v2\/pages\/54169\/revisions\/54261"}],"up":[{"embeddable":true,"href":"https:\/\/www.fondazionemps.it\/en\/wp-json\/wp\/v2\/pages\/54094"}],"wp:attachment":[{"href":"https:\/\/www.fondazionemps.it\/en\/wp-json\/wp\/v2\/media?parent=54169"}],"wp:term":[{"taxonomy":"dipi_cpt_category","embeddable":true,"href":"https:\/\/www.fondazionemps.it\/en\/wp-json\/wp\/v2\/dipi_cpt_category?post=54169"}],"curies":[{"name":"wp","href":"https:\/\/api.w.org\/{rel}","templated":true}]}}