{"id":54167,"date":"2020-08-20T10:57:28","date_gmt":"2020-08-20T08:57:28","guid":{"rendered":"http:\/\/www.fondazionemps.io\/organo-amministrativo\/"},"modified":"2021-04-09T17:14:56","modified_gmt":"2021-04-09T15:14:56","slug":"organo-amministrativo","status":"publish","type":"page","link":"https:\/\/www.fondazionemps.it\/en\/foundation\/organo-amministrativo\/","title":{"rendered":"Organo amministrativo"},"content":{"rendered":"<p>[et_pb_section fb_built=&#8221;1&#8243; _builder_version=&#8221;4.5.6&#8243; _module_preset=&#8221;default&#8221; custom_padding=&#8221;1px|||||&#8221;][et_pb_row _builder_version=&#8221;4.6.1&#8243; _module_preset=&#8221;default&#8221; width=&#8221;100%&#8221; custom_padding=&#8221;50px|||||&#8221; locked=&#8221;off&#8221;][et_pb_column type=&#8221;4_4&#8243; _builder_version=&#8221;4.6.1&#8243; _module_preset=&#8221;default&#8221;][et_pb_text _builder_version=&#8221;4.6.1&#8243; _module_preset=&#8221;default&#8221; module_alignment=&#8221;left&#8221; custom_margin=&#8221;||20px|||&#8221;]<\/p>\n<h2>Deputazione Amministratrice<\/h2>\n<p>[\/et_pb_text][et_pb_divider divider_weight=&#8221;4px&#8221; _builder_version=&#8221;4.6.1&#8243; _module_preset=&#8221;default&#8221; width=&#8221;6%&#8221;][\/et_pb_divider][\/et_pb_column][\/et_pb_row][et_pb_row column_structure=&#8221;1_3,1_3,1_3&#8243; _builder_version=&#8221;4.5.6&#8243; _module_preset=&#8221;default&#8221; width=&#8221;100%&#8221;][et_pb_column type=&#8221;1_3&#8243; _builder_version=&#8221;4.5.6&#8243; _module_preset=&#8221;default&#8221;][et_pb_text _builder_version=&#8221;4.6.1&#8243; _module_preset=&#8221;default&#8221; text_text_color=&#8221;#6b6b6b&#8221; text_font_size=&#8221;14px&#8221; text_line_height=&#8221;1.4em&#8221; header_6_font=&#8221;Open Sans||||||||&#8221; header_6_text_color=&#8221;#8e8e8e&#8221;]<\/p>\n<h3 class=\"q_team_name\">Carlo Rossi<\/h3>\n<p>Presidente<\/p>\n<p>[\/et_pb_text][et_pb_toggle title=&#8221;leggi&#8221; open_toggle_text_color=&#8221;#000000&#8243; open_toggle_background_color=&#8221;rgba(0,0,0,0)&#8221; closed_toggle_background_color=&#8221;rgba(0,0,0,0)&#8221; use_icon_font_size=&#8221;on&#8221; icon_font_size=&#8221;18px&#8221; _builder_version=&#8221;4.6.1&#8243; _module_preset=&#8221;default&#8221; title_text_color=&#8221;#000000&#8243; title_font=&#8221;Playfair Display||on||||||&#8221; title_text_align=&#8221;left&#8221; width=&#8221;93%&#8221; custom_margin=&#8221;||40px|-19px|false|false&#8221; border_width_all=&#8221;0px&#8221; border_width_bottom=&#8221;2px&#8221;]<\/p>\n<p><span>Laureato in scienze economiche e bancarie all\u2019Universit\u00e0 degli Studi di Siena, \u00e8 stato Presidente dell\u2019Associazione Regionale ASP Toscane e dell\u2019ASP Citt\u00e0 di Siena. Ha lavorato presso Chianti Banca dal 1980 al 2012, ricoprendo vari incarichi, tra cui Vice Direttore Generale Vicario e Capo Area zona Siena. \u00c8 stato Vice Sindaco del Comune di Siena dal 2001 al 2006 e membro del CdA dell\u2019Universit\u00e0 per Stranieri di Siena dal 2002 al 2007. Per anni \u00e8 stato Dirigente dell\u2019Azione Cattolica sia a livello diocesano che regionale e nazionale. Il 20 aprile 2018 \u00e8 stato nominato Presidente della Fondazione Monte dei Paschi di Siena; da maggio 2018 \u00e8 Presidente della Fondazione Accademia Chigiana. A novembre 2018 \u00e8 entrato nel consiglio di amministrazione della Fondazione Life Sciences (TLS) e ha assunto la carica di Vice Presidente. A Giugno 2020 \u00e8 stato eletto Coordinatore della Consulta Regionale Toscana delle Fondazioni di Origine Bancaria (La Consulta \u00e8 l\u2019organo che promuove la cooperazione tra le fondazioni presenti sul territorio regionale).<\/span><br \/><span>Da Settembre 2020 \u00e8 membro del Consiglio Nazionale di ACRI (Associazione delle Casse di Risparmio e delle Fondazioni Bancarie).<\/span><\/p>\n<p>[\/et_pb_toggle][et_pb_text _builder_version=&#8221;4.6.1&#8243; _module_preset=&#8221;default&#8221; text_text_color=&#8221;#6b6b6b&#8221; text_font_size=&#8221;14px&#8221; text_line_height=&#8221;1.4em&#8221; header_6_font=&#8221;Open Sans||||||||&#8221; header_6_text_color=&#8221;#8e8e8e&#8221;]<\/p>\n<h3 class=\"q_team_name\">Grazia Baiocchi<\/h3>\n<p><span>Vice Presidente<\/span><\/p>\n<p>[\/et_pb_text][et_pb_toggle title=&#8221;leggi&#8221; open_toggle_text_color=&#8221;#000000&#8243; open_toggle_background_color=&#8221;rgba(0,0,0,0)&#8221; closed_toggle_background_color=&#8221;rgba(0,0,0,0)&#8221; use_icon_font_size=&#8221;on&#8221; icon_font_size=&#8221;18px&#8221; _builder_version=&#8221;4.5.6&#8243; _module_preset=&#8221;default&#8221; title_text_color=&#8221;#000000&#8243; title_font=&#8221;Playfair Display||on||||||&#8221; title_text_align=&#8221;left&#8221; width=&#8221;93%&#8221; custom_margin=&#8221;||40px|-19px|false|false&#8221; border_width_all=&#8221;0px&#8221; border_width_bottom=&#8221;2px&#8221;]<\/p>\n<p><span>Residente a Siena, esercita la professione di ragioniere commercialista tra Siena e Firenze. E\u2019 specialista in consulenza ed assistenza imprenditoriale, societaria e tributaria; in consulenza fiscale specifica per l\u2019avvio e la gestione di attivit\u00e0 di e-commerce; nell\u2019avviamento di procedure concorsuali e di composizione della crisi da sovraindebitamento, e in operazioni di ristrutturazioni societarie: fusioni, scissioni proporzionali, conferimenti di beni, di rami di azienda. Svolge attivit\u00e0 di consulenza tecnica d\u2019ufficio ed \u00e8 curatore fallimentare per il Tribunale di Siena.<\/span><br \/><span>Attualmente \u00e8 Vice Presidente di Siena Casa SpA; liquidatrice di Elettromega System Srl, Sindaco Revisore di CO.FI.SE, Societ\u00e0 Cooperativa di Garanzia Collettiva Fidi Senese, e Sindaco Revisore Effettivo di Enoteca Italiana in liquidazione. E\u2019 iscritta all\u2019Albo del Collegio dei Dottori Esperti Contabili di Siena e al Registro Revisori Legali e all\u2019Albo dei Consulenti Tecnici del Giudice presso il Tribunale di Siena. Dall\u2019aprile 2017 \u00e8 stata per un anno membro della Deputazione Generale della Fondazione Mps.<\/span><\/p>\n<p>[\/et_pb_toggle][\/et_pb_column][et_pb_column type=&#8221;1_3&#8243; _builder_version=&#8221;4.5.6&#8243; _module_preset=&#8221;default&#8221;][et_pb_text _builder_version=&#8221;4.6.1&#8243; _module_preset=&#8221;default&#8221; text_text_color=&#8221;#6b6b6b&#8221; text_font_size=&#8221;14px&#8221; text_line_height=&#8221;1.4em&#8221; header_6_font=&#8221;Open Sans||||||||&#8221; header_6_text_color=&#8221;#8e8e8e&#8221;]<\/p>\n<h3 class=\"q_team_name\">Stefano Bernardini<\/h3>\n<p><span>&#8211;<\/span><\/p>\n<p>[\/et_pb_text][et_pb_toggle title=&#8221;leggi&#8221; open_toggle_text_color=&#8221;#000000&#8243; open_toggle_background_color=&#8221;rgba(0,0,0,0)&#8221; closed_toggle_background_color=&#8221;rgba(0,0,0,0)&#8221; use_icon_font_size=&#8221;on&#8221; icon_font_size=&#8221;18px&#8221; _builder_version=&#8221;4.5.6&#8243; _module_preset=&#8221;default&#8221; title_text_color=&#8221;#000000&#8243; title_font=&#8221;Playfair Display||on||||||&#8221; title_text_align=&#8221;left&#8221; width=&#8221;93%&#8221; custom_margin=&#8221;||40px|-19px|false|false&#8221; border_width_all=&#8221;0px&#8221; border_width_bottom=&#8221;2px&#8221;]<\/p>\n<p><span>Laureato in scienze economiche e bancarie, dal 2003 \u00e8 Presidente Provinciale Confcommercio Siena, presidente di Ascom Servizi srl, S.A.I.TEr srl, Cat Confcomemrcio Siena srl e della Fondazione Itinera, oltre che membro del Consiglio Nazionale Confcommercio Imprese per l\u2019Italia per la Toscana dal 2014. Dal 2009 \u00e8 anche Presidente di FISES e Vice Presidente Co.Fi.Se dal 2015. Dallo stesso anno \u00e8 anche membro del Comitato Esecutivo Fasdac. E\u2019 stato Consigliere comunale e componente della Commissione Affari Generali del Comune di Siena dal 1997 al 2006 e membro del Cda di MPS Leasing &amp; Factoring dal 2008 al 2014.<\/span><\/p>\n<p>[\/et_pb_toggle][et_pb_text _builder_version=&#8221;4.6.1&#8243; _module_preset=&#8221;default&#8221; text_text_color=&#8221;#6b6b6b&#8221; text_font_size=&#8221;14px&#8221; text_line_height=&#8221;1.4em&#8221; header_6_font=&#8221;Open Sans||||||||&#8221; header_6_text_color=&#8221;#8e8e8e&#8221;]<\/p>\n<h3 class=\"q_team_name\">Giuseppe Liberatore<\/h3>\n<div class=\"q_team_title_holder\"><span>&#8211;<\/span><\/div>\n<p>[\/et_pb_text][et_pb_toggle title=&#8221;leggi&#8221; open_toggle_text_color=&#8221;#000000&#8243; open_toggle_background_color=&#8221;rgba(0,0,0,0)&#8221; closed_toggle_background_color=&#8221;rgba(0,0,0,0)&#8221; use_icon_font_size=&#8221;on&#8221; icon_font_size=&#8221;18px&#8221; _builder_version=&#8221;4.6.1&#8243; _module_preset=&#8221;default&#8221; title_text_color=&#8221;#000000&#8243; title_font=&#8221;Playfair Display||on||||||&#8221; title_text_align=&#8221;left&#8221; width=&#8221;93%&#8221; custom_margin=&#8221;||40px|-19px|false|false&#8221; border_width_all=&#8221;0px&#8221; border_width_bottom=&#8221;2px&#8221;]<\/p>\n<p><span>Direttore Generale di Valoritalia Srl dal 2017, ha ricoperto la carica di direttore del Consorzio del Gallo dal 1992 al 2001 e successivamente quella di Direttore Generale del Consorzio Vino Chianti Classico.<\/span><br \/><span>Dal 1998 al 2016 \u00e8 stato Vice Presidente della Confederazione Nazionale dei consorzi Volontari per la tutela delle Denominazioni dei Vini Italiani; per nove anni Presidente dell\u2019Associazione Italiana Consorzi Indicazioni Geografiche e membro del Comitato Nazionale Vini dal 2012 al 2017. Dal 2013 \u00e8 Accademico dei Georgofili.<\/span><\/p>\n<p>[\/et_pb_toggle][\/et_pb_column][et_pb_column type=&#8221;1_3&#8243; _builder_version=&#8221;4.5.6&#8243; _module_preset=&#8221;default&#8221;][et_pb_text _builder_version=&#8221;4.6.1&#8243; _module_preset=&#8221;default&#8221; text_text_color=&#8221;#6b6b6b&#8221; text_font_size=&#8221;14px&#8221; text_line_height=&#8221;1.4em&#8221; header_6_font=&#8221;Open Sans||||||||&#8221; header_6_text_color=&#8221;#8e8e8e&#8221;]<\/p>\n<h3 class=\"q_team_name\">Gian Bruno Ravenni<\/h3>\n<p>&#8211;<\/p>\n<p>[\/et_pb_text][et_pb_toggle title=&#8221;leggi&#8221; open_toggle_text_color=&#8221;#000000&#8243; open_toggle_background_color=&#8221;rgba(0,0,0,0)&#8221; closed_toggle_background_color=&#8221;rgba(0,0,0,0)&#8221; use_icon_font_size=&#8221;on&#8221; icon_font_size=&#8221;18px&#8221; _builder_version=&#8221;4.5.6&#8243; _module_preset=&#8221;default&#8221; title_text_color=&#8221;#000000&#8243; title_font=&#8221;Playfair Display||on||||||&#8221; title_text_align=&#8221;left&#8221; width=&#8221;93%&#8221; custom_margin=&#8221;||40px|-19px|false|false&#8221; border_width_all=&#8221;0px&#8221; border_width_bottom=&#8221;2px&#8221;]<\/p>\n<p><span>In pensione dal 2015, \u00e8 stato per dieci anni coordinatore dell\u2019Area Cultura, e responsabile del Piano della Cultura, della Regione Toscana, con competenza in materia di musei, biblioteche e istituzioni culturali, spettacolo e investimenti nei beni culturali. Ha svolto attivit\u00e0 di insegnamento presso la sede di Arezzo dell\u2019Universit\u00e0 degli Studi di Siena e all\u2019Universit\u00e0 di Firenze, oltre che in altri istituti scolastici di vario livello.<\/span><br \/><span>Dal 2001 al 2004 \u00e8 stato Dirigente del Settore Biblioteche, Musei, Attivit\u00e0 Culturali e membro del Comitato Nazionale di Coordinamento del Servizio Bibliotecario Nazionale (SBN).<\/span><br \/><span>E\u2019 stato funzionario presso il Comune di Lastra a Signa (FI) con responsabilit\u00e0 dei settori scuola e cultura e ha organizzato attivit\u00e0 di ricerca, promozione e valorizzazione dei beni culturali su incarico del Comune di Bagno a Ripoli e dell\u2019Associazione Intercomunale Fiorentina. Attualmente \u00e8 membro del comitato operativo del premio letterario Viareggio R\u00e8paci.<\/span><br \/><span>In campo editoriale ha pubblicato oltre 30 tra saggi e volumi.<\/span><\/p>\n<p>[\/et_pb_toggle][\/et_pb_column][\/et_pb_row][et_pb_row _builder_version=&#8221;4.6.1&#8243; _module_preset=&#8221;default&#8221; width=&#8221;100%&#8221; locked=&#8221;off&#8221;][et_pb_column type=&#8221;4_4&#8243; _builder_version=&#8221;4.6.1&#8243; _module_preset=&#8221;default&#8221;][et_pb_text _builder_version=&#8221;4.6.1&#8243; _module_preset=&#8221;default&#8221; module_alignment=&#8221;left&#8221; custom_margin=&#8221;||20px|||&#8221;]<\/p>\n<h2>Direttore Generale<\/h2>\n<p>[\/et_pb_text][et_pb_divider divider_weight=&#8221;4px&#8221; _builder_version=&#8221;4.6.1&#8243; _module_preset=&#8221;default&#8221; width=&#8221;6%&#8221;][\/et_pb_divider][\/et_pb_column][\/et_pb_row][et_pb_row column_structure=&#8221;1_3,1_3,1_3&#8243; _builder_version=&#8221;4.6.1&#8243; _module_preset=&#8221;default&#8221; width=&#8221;100%&#8221; custom_padding=&#8221;||7px|||&#8221; locked=&#8221;off&#8221;][et_pb_column type=&#8221;1_3&#8243; _builder_version=&#8221;4.6.1&#8243; _module_preset=&#8221;default&#8221;][et_pb_image src=&#8221;https:\/\/www.fondazionemps.it\/wp-content\/uploads\/2020\/08\/ForteM-sito.jpg&#8221; title_text=&#8221;ForteM-sito&#8221; _builder_version=&#8221;4.6.1&#8243; _module_preset=&#8221;default&#8221;][\/et_pb_image][\/et_pb_column][et_pb_column type=&#8221;1_3&#8243; _builder_version=&#8221;4.6.1&#8243; _module_preset=&#8221;default&#8221;][et_pb_text _builder_version=&#8221;4.6.1&#8243; _module_preset=&#8221;default&#8221; text_text_color=&#8221;#6b6b6b&#8221; text_font_size=&#8221;14px&#8221; text_line_height=&#8221;1.4em&#8221; header_6_font=&#8221;Open Sans||||||||&#8221; header_6_text_color=&#8221;#8e8e8e&#8221;]<\/p>\n<h3 class=\"q_team_name\">Marco Forte<\/h3>\n<div class=\"q_team_title_holder\"><span>Direttore Generale (Provveditore)<\/span><\/div>\n<p>[\/et_pb_text][\/et_pb_column][et_pb_column type=&#8221;1_3&#8243; _builder_version=&#8221;4.6.1&#8243; _module_preset=&#8221;default&#8221;][\/et_pb_column][\/et_pb_row][et_pb_row _builder_version=&#8221;4.6.1&#8243; _module_preset=&#8221;default&#8221; width=&#8221;100%&#8221; locked=&#8221;off&#8221;][et_pb_column type=&#8221;4_4&#8243; _builder_version=&#8221;4.6.1&#8243; _module_preset=&#8221;default&#8221;][et_pb_text _builder_version=&#8221;4.6.1&#8243; _module_preset=&#8221;default&#8221; text_font=&#8221;Open Sans||||||||&#8221; header_3_font=&#8221;Playfair Display|700|||||||&#8221;]<\/p>\n<p class=\"q_team_name\"><span>E\u2019 stato nominato Provveditore dalla Deputazione Amministratrice del 6 dicembre 2018 e ne ha assunto la carica il 1\u00b0 gennaio 2019.<\/span><br \/> <span>Classe 1972, \u00e8 laureato in economia e commercio all\u2019Universit\u00e0 La Sapienza di Roma, con il massimo dei voti, con una tesi in Finanza Aziendale. Dopo varie esperienze lavorative in ambito assicurativo in Generali e in ambito bancario in Capitalia nel risk management, dal 2006 lavora in Fondazione Mps prima come responsabile Ufficio Integrato Controlli e poi dal 2012 assume il ruolo di direttore amministrativo. Nel 2016 viene nominato sostituto del direttore generale. Dal 2012 ricopre anche la carica di amministratore unico di Vernice Progetti Culturali, la societ\u00e0 strumentale della Fondazione che si occupa delle attivit\u00e0 legate al settore della cultura.<\/span><br \/> <span>Ha partecipato attivamente all\u2019intero processo di gestione della partecipazione in Banca Mps e alla ristrutturazione finanziaria dal 2011 fino alla positiva conclusione del 2014; conta esperienze anche nell\u2019ambito dell\u2019attivit\u00e0 istituzionale e delle erogazioni, maturando cos\u00ec una profonda conoscenza in tutti i processi gestionali della Fondazione.<\/span><\/p>\n<p>[\/et_pb_text][\/et_pb_column][\/et_pb_row][\/et_pb_section]<\/p>\n","protected":false},"excerpt":{"rendered":"<p>Deputazione AmministratriceCarlo Rossi PresidenteLaureato in scienze economiche e bancarie all\u2019Universit\u00e0 degli Studi di Siena, \u00e8 stato Presidente dell\u2019Associazione Regionale ASP Toscane e dell\u2019ASP Citt\u00e0 di Siena. Ha lavorato presso Chianti Banca dal 1980 al 2012, ricoprendo vari incarichi, tra cui Vice Direttore Generale Vicario e Capo Area zona Siena. \u00c8 stato Vice Sindaco del Comune [&hellip;]<\/p>\n","protected":false},"author":1,"featured_media":0,"parent":54094,"menu_order":0,"comment_status":"closed","ping_status":"closed","template":"","meta":{"_acf_changed":false,"_et_pb_use_builder":"on","_et_pb_old_content":"","_et_gb_content_width":"","footnotes":""},"dipi_cpt_category":[],"class_list":["post-54167","page","type-page","status-publish","format-standard","hentry"],"acf":[],"yoast_head":"<!-- This site is optimized with the Yoast SEO plugin v27.5 - https:\/\/yoast.com\/product\/yoast-seo-wordpress\/ -->\n<title>Organo amministrativo - Fondazione Monte dei Paschi di Siena<\/title>\n<meta name=\"robots\" content=\"index, follow, max-snippet:-1, max-image-preview:large, max-video-preview:-1\" \/>\n<link rel=\"canonical\" href=\"https:\/\/www.fondazionemps.it\/fondazione\/organo-amministrativo\/\" \/>\n<meta property=\"og:locale\" content=\"en_US\" \/>\n<meta property=\"og:type\" content=\"article\" \/>\n<meta property=\"og:title\" content=\"Organo amministrativo - Fondazione Monte dei Paschi di Siena\" \/>\n<meta property=\"og:description\" content=\"Deputazione AmministratriceCarlo Rossi PresidenteLaureato in scienze economiche e bancarie all\u2019Universit\u00e0 degli Studi di Siena, \u00e8 stato Presidente dell\u2019Associazione Regionale ASP Toscane e dell\u2019ASP Citt\u00e0 di Siena. Ha lavorato presso Chianti Banca dal 1980 al 2012, ricoprendo vari incarichi, tra cui Vice Direttore Generale Vicario e Capo Area zona Siena. \u00c8 stato Vice Sindaco del Comune [&hellip;]\" \/>\n<meta property=\"og:url\" content=\"https:\/\/www.fondazionemps.it\/fondazione\/organo-amministrativo\/\" \/>\n<meta property=\"og:site_name\" content=\"Fondazione Monte dei Paschi di Siena\" \/>\n<meta property=\"article:modified_time\" content=\"2021-04-09T15:14:56+00:00\" \/>\n<meta name=\"twitter:card\" content=\"summary_large_image\" \/>\n<meta name=\"twitter:label1\" content=\"Est. reading time\" \/>\n\t<meta name=\"twitter:data1\" content=\"8 minutes\" \/>\n<script type=\"application\/ld+json\" class=\"yoast-schema-graph\">{\"@context\":\"https:\\\/\\\/schema.org\",\"@graph\":[{\"@type\":\"WebPage\",\"@id\":\"https:\\\/\\\/www.fondazionemps.it\\\/fondazione\\\/organo-amministrativo\\\/\",\"url\":\"https:\\\/\\\/www.fondazionemps.it\\\/fondazione\\\/organo-amministrativo\\\/\",\"name\":\"Organo amministrativo - Fondazione Monte dei Paschi di Siena\",\"isPartOf\":{\"@id\":\"https:\\\/\\\/www.fondazionemps.it\\\/#website\"},\"datePublished\":\"2020-08-20T08:57:28+00:00\",\"dateModified\":\"2021-04-09T15:14:56+00:00\",\"breadcrumb\":{\"@id\":\"https:\\\/\\\/www.fondazionemps.it\\\/fondazione\\\/organo-amministrativo\\\/#breadcrumb\"},\"inLanguage\":\"en-US\",\"potentialAction\":[{\"@type\":\"ReadAction\",\"target\":[\"https:\\\/\\\/www.fondazionemps.it\\\/fondazione\\\/organo-amministrativo\\\/\"]}]},{\"@type\":\"BreadcrumbList\",\"@id\":\"https:\\\/\\\/www.fondazionemps.it\\\/fondazione\\\/organo-amministrativo\\\/#breadcrumb\",\"itemListElement\":[{\"@type\":\"ListItem\",\"position\":1,\"name\":\"Home\",\"item\":\"https:\\\/\\\/www.fondazionemps.it\\\/\"},{\"@type\":\"ListItem\",\"position\":2,\"name\":\"Foundation\",\"item\":\"https:\\\/\\\/www.fondazionemps.it\\\/fondazione\\\/\"},{\"@type\":\"ListItem\",\"position\":3,\"name\":\"Organo amministrativo\"}]},{\"@type\":\"WebSite\",\"@id\":\"https:\\\/\\\/www.fondazionemps.it\\\/#website\",\"url\":\"https:\\\/\\\/www.fondazionemps.it\\\/\",\"name\":\"Fondazione Monte dei Paschi di Siena\",\"description\":\"Per uno sviluppo sostenibile\",\"potentialAction\":[{\"@type\":\"SearchAction\",\"target\":{\"@type\":\"EntryPoint\",\"urlTemplate\":\"https:\\\/\\\/www.fondazionemps.it\\\/?s={search_term_string}\"},\"query-input\":{\"@type\":\"PropertyValueSpecification\",\"valueRequired\":true,\"valueName\":\"search_term_string\"}}],\"inLanguage\":\"en-US\"}]}<\/script>\n<!-- \/ Yoast SEO plugin. -->","yoast_head_json":{"title":"Organo amministrativo - Fondazione Monte dei Paschi di Siena","robots":{"index":"index","follow":"follow","max-snippet":"max-snippet:-1","max-image-preview":"max-image-preview:large","max-video-preview":"max-video-preview:-1"},"canonical":"https:\/\/www.fondazionemps.it\/fondazione\/organo-amministrativo\/","og_locale":"en_US","og_type":"article","og_title":"Organo amministrativo - Fondazione Monte dei Paschi di Siena","og_description":"Deputazione AmministratriceCarlo Rossi PresidenteLaureato in scienze economiche e bancarie all\u2019Universit\u00e0 degli Studi di Siena, \u00e8 stato Presidente dell\u2019Associazione Regionale ASP Toscane e dell\u2019ASP Citt\u00e0 di Siena. Ha lavorato presso Chianti Banca dal 1980 al 2012, ricoprendo vari incarichi, tra cui Vice Direttore Generale Vicario e Capo Area zona Siena. \u00c8 stato Vice Sindaco del Comune [&hellip;]","og_url":"https:\/\/www.fondazionemps.it\/fondazione\/organo-amministrativo\/","og_site_name":"Fondazione Monte dei Paschi di Siena","article_modified_time":"2021-04-09T15:14:56+00:00","twitter_card":"summary_large_image","twitter_misc":{"Est. reading time":"8 minutes"},"schema":{"@context":"https:\/\/schema.org","@graph":[{"@type":"WebPage","@id":"https:\/\/www.fondazionemps.it\/fondazione\/organo-amministrativo\/","url":"https:\/\/www.fondazionemps.it\/fondazione\/organo-amministrativo\/","name":"Organo amministrativo - Fondazione Monte dei Paschi di Siena","isPartOf":{"@id":"https:\/\/www.fondazionemps.it\/#website"},"datePublished":"2020-08-20T08:57:28+00:00","dateModified":"2021-04-09T15:14:56+00:00","breadcrumb":{"@id":"https:\/\/www.fondazionemps.it\/fondazione\/organo-amministrativo\/#breadcrumb"},"inLanguage":"en-US","potentialAction":[{"@type":"ReadAction","target":["https:\/\/www.fondazionemps.it\/fondazione\/organo-amministrativo\/"]}]},{"@type":"BreadcrumbList","@id":"https:\/\/www.fondazionemps.it\/fondazione\/organo-amministrativo\/#breadcrumb","itemListElement":[{"@type":"ListItem","position":1,"name":"Home","item":"https:\/\/www.fondazionemps.it\/"},{"@type":"ListItem","position":2,"name":"Foundation","item":"https:\/\/www.fondazionemps.it\/fondazione\/"},{"@type":"ListItem","position":3,"name":"Organo amministrativo"}]},{"@type":"WebSite","@id":"https:\/\/www.fondazionemps.it\/#website","url":"https:\/\/www.fondazionemps.it\/","name":"Fondazione Monte dei Paschi di Siena","description":"Per uno sviluppo sostenibile","potentialAction":[{"@type":"SearchAction","target":{"@type":"EntryPoint","urlTemplate":"https:\/\/www.fondazionemps.it\/?s={search_term_string}"},"query-input":{"@type":"PropertyValueSpecification","valueRequired":true,"valueName":"search_term_string"}}],"inLanguage":"en-US"}]}},"_links":{"self":[{"href":"https:\/\/www.fondazionemps.it\/en\/wp-json\/wp\/v2\/pages\/54167","targetHints":{"allow":["GET"]}}],"collection":[{"href":"https:\/\/www.fondazionemps.it\/en\/wp-json\/wp\/v2\/pages"}],"about":[{"href":"https:\/\/www.fondazionemps.it\/en\/wp-json\/wp\/v2\/types\/page"}],"author":[{"embeddable":true,"href":"https:\/\/www.fondazionemps.it\/en\/wp-json\/wp\/v2\/users\/1"}],"replies":[{"embeddable":true,"href":"https:\/\/www.fondazionemps.it\/en\/wp-json\/wp\/v2\/comments?post=54167"}],"version-history":[{"count":1,"href":"https:\/\/www.fondazionemps.it\/en\/wp-json\/wp\/v2\/pages\/54167\/revisions"}],"predecessor-version":[{"id":54168,"href":"https:\/\/www.fondazionemps.it\/en\/wp-json\/wp\/v2\/pages\/54167\/revisions\/54168"}],"up":[{"embeddable":true,"href":"https:\/\/www.fondazionemps.it\/en\/wp-json\/wp\/v2\/pages\/54094"}],"wp:attachment":[{"href":"https:\/\/www.fondazionemps.it\/en\/wp-json\/wp\/v2\/media?parent=54167"}],"wp:term":[{"taxonomy":"dipi_cpt_category","embeddable":true,"href":"https:\/\/www.fondazionemps.it\/en\/wp-json\/wp\/v2\/dipi_cpt_category?post=54167"}],"curies":[{"name":"wp","href":"https:\/\/api.w.org\/{rel}","templated":true}]}}