{"id":54120,"date":"2020-08-20T13:20:05","date_gmt":"2020-08-20T11:20:05","guid":{"rendered":"http:\/\/www.fondazionemps.io\/il-presidente\/"},"modified":"2021-04-09T16:57:38","modified_gmt":"2021-04-09T14:57:38","slug":"il-presidente","status":"publish","type":"page","link":"https:\/\/www.fondazionemps.it\/en\/foundation\/il-presidente\/","title":{"rendered":"Il presidente"},"content":{"rendered":"<p>[et_pb_section fb_built=&#8221;1&#8243; _builder_version=&#8221;4.6.1&#8243; _module_preset=&#8221;default&#8221; custom_padding=&#8221;0px|||||&#8221;][et_pb_row _builder_version=&#8221;4.6.1&#8243; _module_preset=&#8221;default&#8221; width=&#8221;100%&#8221;][et_pb_column type=&#8221;4_4&#8243; _builder_version=&#8221;4.6.1&#8243; _module_preset=&#8221;default&#8221;][et_pb_text _builder_version=&#8221;4.6.1&#8243; _module_preset=&#8221;default&#8221; text_font=&#8221;Open Sans||||||||&#8221;]<\/p>\n<h2 class=\"q_team_name\">Carlo Rossi<\/h2>\n<p>&nbsp;<\/p>\n<p><img loading=\"lazy\" decoding=\"async\" class=\"alignleft wp-image-52972\" src=\"https:\/\/www.fondazionemps.it\/wp-content\/uploads\/2020\/12\/presidente-fondazione-mps-2020.jpg\" alt=\"\" width=\"500\" height=\"388\" srcset=\"https:\/\/www.fondazionemps.it\/wp-content\/uploads\/2020\/12\/presidente-fondazione-mps-2020.jpg 500w, https:\/\/www.fondazionemps.it\/wp-content\/uploads\/2020\/12\/presidente-fondazione-mps-2020-480x372.jpg 480w\" sizes=\"(min-width: 0px) and (max-width: 480px) 480px, (min-width: 481px) 500px, 100vw\" \/>Laureato in scienze economiche e bancarie all\u2019Universit\u00e0 degli Studi di Siena, \u00e8 stato Presidente dell\u2019Associazione Regionale ASP Toscane e dell\u2019ASP Citt\u00e0 di Siena. Ha lavorato presso Chianti Banca dal 1980 al 2012, ricoprendo vari incarichi, tra cui Vice Direttore Generale Vicario e Capo Area zona Siena. \u00c8 stato Vice Sindaco del Comune di Siena dal 2001 al 2006 e membro del CdA dell\u2019Universit\u00e0 per Stranieri di Siena dal 2002 al 2007. Per anni \u00e8 stato Dirigente dell\u2019Azione Cattolica sia a livello diocesano che regionale e nazionale. Il 20 aprile 2018 \u00e8 stato nominato Presidente della Fondazione Monte dei Paschi di Siena; da maggio 2018 \u00e8 Presidente della Fondazione Accademia Chigiana. A novembre 2018 \u00e8 entrato nel consiglio di amministrazione della Fondazione Life Sciences (TLS) e ha assunto la carica di Vice Presidente. A Giugno 2020 \u00e8 stato eletto Coordinatore della Consulta Regionale Toscana delle Fondazioni di Origine Bancaria (La Consulta \u00e8 l\u2019organo che promuove la cooperazione tra le fondazioni presenti sul territorio regionale).<br \/>Da Settembre 2020 \u00e8 membro del Consiglio Nazionale di ACRI (Associazione delle Casse di Risparmio e delle Fondazioni Bancarie).<\/p>\n<p>[\/et_pb_text][\/et_pb_column][\/et_pb_row][\/et_pb_section]<\/p>\n","protected":false},"excerpt":{"rendered":"<p>Carlo Rossi &nbsp; Laureato in scienze economiche e bancarie all\u2019Universit\u00e0 degli Studi di Siena, \u00e8 stato Presidente dell\u2019Associazione Regionale ASP Toscane e dell\u2019ASP Citt\u00e0 di Siena. Ha lavorato presso Chianti Banca dal 1980 al 2012, ricoprendo vari incarichi, tra cui Vice Direttore Generale Vicario e Capo Area zona Siena. \u00c8 stato Vice Sindaco del Comune [&hellip;]<\/p>\n","protected":false},"author":1,"featured_media":0,"parent":54094,"menu_order":0,"comment_status":"closed","ping_status":"closed","template":"","meta":{"_acf_changed":false,"_et_pb_use_builder":"on","_et_pb_old_content":"","_et_gb_content_width":"","footnotes":""},"dipi_cpt_category":[],"class_list":["post-54120","page","type-page","status-publish","format-standard","hentry"],"acf":[],"yoast_head":"<!-- This site is optimized with the Yoast SEO plugin v27.5 - https:\/\/yoast.com\/product\/yoast-seo-wordpress\/ -->\n<title>Il presidente - Fondazione Monte dei Paschi di Siena<\/title>\n<meta name=\"robots\" content=\"index, follow, max-snippet:-1, max-image-preview:large, max-video-preview:-1\" \/>\n<link rel=\"canonical\" href=\"https:\/\/www.fondazionemps.it\/fondazione\/il-presidente\/\" \/>\n<meta property=\"og:locale\" content=\"en_US\" \/>\n<meta property=\"og:type\" content=\"article\" \/>\n<meta property=\"og:title\" content=\"Il presidente - Fondazione Monte dei Paschi di Siena\" \/>\n<meta property=\"og:description\" content=\"Carlo Rossi &nbsp; Laureato in scienze economiche e bancarie all\u2019Universit\u00e0 degli Studi di Siena, \u00e8 stato Presidente dell\u2019Associazione Regionale ASP Toscane e dell\u2019ASP Citt\u00e0 di Siena. Ha lavorato presso Chianti Banca dal 1980 al 2012, ricoprendo vari incarichi, tra cui Vice Direttore Generale Vicario e Capo Area zona Siena. \u00c8 stato Vice Sindaco del Comune [&hellip;]\" \/>\n<meta property=\"og:url\" content=\"https:\/\/www.fondazionemps.it\/fondazione\/il-presidente\/\" \/>\n<meta property=\"og:site_name\" content=\"Fondazione Monte dei Paschi di Siena\" \/>\n<meta property=\"article:modified_time\" content=\"2021-04-09T14:57:38+00:00\" \/>\n<meta property=\"og:image\" content=\"https:\/\/www.fondazionemps.it\/wp-content\/uploads\/2020\/12\/presidente-fondazione-mps-2020.jpg\" \/>\n<meta name=\"twitter:card\" content=\"summary_large_image\" \/>\n<meta name=\"twitter:label1\" content=\"Est. reading time\" \/>\n\t<meta name=\"twitter:data1\" content=\"1 minute\" \/>\n<script type=\"application\/ld+json\" class=\"yoast-schema-graph\">{\"@context\":\"https:\\\/\\\/schema.org\",\"@graph\":[{\"@type\":\"WebPage\",\"@id\":\"https:\\\/\\\/www.fondazionemps.it\\\/fondazione\\\/il-presidente\\\/\",\"url\":\"https:\\\/\\\/www.fondazionemps.it\\\/fondazione\\\/il-presidente\\\/\",\"name\":\"Il presidente - Fondazione Monte dei Paschi di Siena\",\"isPartOf\":{\"@id\":\"https:\\\/\\\/www.fondazionemps.it\\\/#website\"},\"primaryImageOfPage\":{\"@id\":\"https:\\\/\\\/www.fondazionemps.it\\\/fondazione\\\/il-presidente\\\/#primaryimage\"},\"image\":{\"@id\":\"https:\\\/\\\/www.fondazionemps.it\\\/fondazione\\\/il-presidente\\\/#primaryimage\"},\"thumbnailUrl\":\"https:\\\/\\\/www.fondazionemps.it\\\/wp-content\\\/uploads\\\/2020\\\/12\\\/presidente-fondazione-mps-2020.jpg\",\"datePublished\":\"2020-08-20T11:20:05+00:00\",\"dateModified\":\"2021-04-09T14:57:38+00:00\",\"breadcrumb\":{\"@id\":\"https:\\\/\\\/www.fondazionemps.it\\\/fondazione\\\/il-presidente\\\/#breadcrumb\"},\"inLanguage\":\"en-US\",\"potentialAction\":[{\"@type\":\"ReadAction\",\"target\":[\"https:\\\/\\\/www.fondazionemps.it\\\/fondazione\\\/il-presidente\\\/\"]}]},{\"@type\":\"ImageObject\",\"inLanguage\":\"en-US\",\"@id\":\"https:\\\/\\\/www.fondazionemps.it\\\/fondazione\\\/il-presidente\\\/#primaryimage\",\"url\":\"https:\\\/\\\/www.fondazionemps.it\\\/wp-content\\\/uploads\\\/2020\\\/12\\\/presidente-fondazione-mps-2020.jpg\",\"contentUrl\":\"https:\\\/\\\/www.fondazionemps.it\\\/wp-content\\\/uploads\\\/2020\\\/12\\\/presidente-fondazione-mps-2020.jpg\"},{\"@type\":\"BreadcrumbList\",\"@id\":\"https:\\\/\\\/www.fondazionemps.it\\\/fondazione\\\/il-presidente\\\/#breadcrumb\",\"itemListElement\":[{\"@type\":\"ListItem\",\"position\":1,\"name\":\"Home\",\"item\":\"https:\\\/\\\/www.fondazionemps.it\\\/\"},{\"@type\":\"ListItem\",\"position\":2,\"name\":\"Foundation\",\"item\":\"https:\\\/\\\/www.fondazionemps.it\\\/fondazione\\\/\"},{\"@type\":\"ListItem\",\"position\":3,\"name\":\"Il presidente\"}]},{\"@type\":\"WebSite\",\"@id\":\"https:\\\/\\\/www.fondazionemps.it\\\/#website\",\"url\":\"https:\\\/\\\/www.fondazionemps.it\\\/\",\"name\":\"Fondazione Monte dei Paschi di Siena\",\"description\":\"Per uno sviluppo sostenibile\",\"potentialAction\":[{\"@type\":\"SearchAction\",\"target\":{\"@type\":\"EntryPoint\",\"urlTemplate\":\"https:\\\/\\\/www.fondazionemps.it\\\/?s={search_term_string}\"},\"query-input\":{\"@type\":\"PropertyValueSpecification\",\"valueRequired\":true,\"valueName\":\"search_term_string\"}}],\"inLanguage\":\"en-US\"}]}<\/script>\n<!-- \/ Yoast SEO plugin. -->","yoast_head_json":{"title":"Il presidente - Fondazione Monte dei Paschi di Siena","robots":{"index":"index","follow":"follow","max-snippet":"max-snippet:-1","max-image-preview":"max-image-preview:large","max-video-preview":"max-video-preview:-1"},"canonical":"https:\/\/www.fondazionemps.it\/fondazione\/il-presidente\/","og_locale":"en_US","og_type":"article","og_title":"Il presidente - Fondazione Monte dei Paschi di Siena","og_description":"Carlo Rossi &nbsp; Laureato in scienze economiche e bancarie all\u2019Universit\u00e0 degli Studi di Siena, \u00e8 stato Presidente dell\u2019Associazione Regionale ASP Toscane e dell\u2019ASP Citt\u00e0 di Siena. Ha lavorato presso Chianti Banca dal 1980 al 2012, ricoprendo vari incarichi, tra cui Vice Direttore Generale Vicario e Capo Area zona Siena. \u00c8 stato Vice Sindaco del Comune [&hellip;]","og_url":"https:\/\/www.fondazionemps.it\/fondazione\/il-presidente\/","og_site_name":"Fondazione Monte dei Paschi di Siena","article_modified_time":"2021-04-09T14:57:38+00:00","og_image":[{"url":"https:\/\/www.fondazionemps.it\/wp-content\/uploads\/2020\/12\/presidente-fondazione-mps-2020.jpg","type":"","width":"","height":""}],"twitter_card":"summary_large_image","twitter_misc":{"Est. reading time":"1 minute"},"schema":{"@context":"https:\/\/schema.org","@graph":[{"@type":"WebPage","@id":"https:\/\/www.fondazionemps.it\/fondazione\/il-presidente\/","url":"https:\/\/www.fondazionemps.it\/fondazione\/il-presidente\/","name":"Il presidente - Fondazione Monte dei Paschi di Siena","isPartOf":{"@id":"https:\/\/www.fondazionemps.it\/#website"},"primaryImageOfPage":{"@id":"https:\/\/www.fondazionemps.it\/fondazione\/il-presidente\/#primaryimage"},"image":{"@id":"https:\/\/www.fondazionemps.it\/fondazione\/il-presidente\/#primaryimage"},"thumbnailUrl":"https:\/\/www.fondazionemps.it\/wp-content\/uploads\/2020\/12\/presidente-fondazione-mps-2020.jpg","datePublished":"2020-08-20T11:20:05+00:00","dateModified":"2021-04-09T14:57:38+00:00","breadcrumb":{"@id":"https:\/\/www.fondazionemps.it\/fondazione\/il-presidente\/#breadcrumb"},"inLanguage":"en-US","potentialAction":[{"@type":"ReadAction","target":["https:\/\/www.fondazionemps.it\/fondazione\/il-presidente\/"]}]},{"@type":"ImageObject","inLanguage":"en-US","@id":"https:\/\/www.fondazionemps.it\/fondazione\/il-presidente\/#primaryimage","url":"https:\/\/www.fondazionemps.it\/wp-content\/uploads\/2020\/12\/presidente-fondazione-mps-2020.jpg","contentUrl":"https:\/\/www.fondazionemps.it\/wp-content\/uploads\/2020\/12\/presidente-fondazione-mps-2020.jpg"},{"@type":"BreadcrumbList","@id":"https:\/\/www.fondazionemps.it\/fondazione\/il-presidente\/#breadcrumb","itemListElement":[{"@type":"ListItem","position":1,"name":"Home","item":"https:\/\/www.fondazionemps.it\/"},{"@type":"ListItem","position":2,"name":"Foundation","item":"https:\/\/www.fondazionemps.it\/fondazione\/"},{"@type":"ListItem","position":3,"name":"Il presidente"}]},{"@type":"WebSite","@id":"https:\/\/www.fondazionemps.it\/#website","url":"https:\/\/www.fondazionemps.it\/","name":"Fondazione Monte dei Paschi di Siena","description":"Per uno sviluppo sostenibile","potentialAction":[{"@type":"SearchAction","target":{"@type":"EntryPoint","urlTemplate":"https:\/\/www.fondazionemps.it\/?s={search_term_string}"},"query-input":{"@type":"PropertyValueSpecification","valueRequired":true,"valueName":"search_term_string"}}],"inLanguage":"en-US"}]}},"_links":{"self":[{"href":"https:\/\/www.fondazionemps.it\/en\/wp-json\/wp\/v2\/pages\/54120","targetHints":{"allow":["GET"]}}],"collection":[{"href":"https:\/\/www.fondazionemps.it\/en\/wp-json\/wp\/v2\/pages"}],"about":[{"href":"https:\/\/www.fondazionemps.it\/en\/wp-json\/wp\/v2\/types\/page"}],"author":[{"embeddable":true,"href":"https:\/\/www.fondazionemps.it\/en\/wp-json\/wp\/v2\/users\/1"}],"replies":[{"embeddable":true,"href":"https:\/\/www.fondazionemps.it\/en\/wp-json\/wp\/v2\/comments?post=54120"}],"version-history":[{"count":2,"href":"https:\/\/www.fondazionemps.it\/en\/wp-json\/wp\/v2\/pages\/54120\/revisions"}],"predecessor-version":[{"id":54139,"href":"https:\/\/www.fondazionemps.it\/en\/wp-json\/wp\/v2\/pages\/54120\/revisions\/54139"}],"up":[{"embeddable":true,"href":"https:\/\/www.fondazionemps.it\/en\/wp-json\/wp\/v2\/pages\/54094"}],"wp:attachment":[{"href":"https:\/\/www.fondazionemps.it\/en\/wp-json\/wp\/v2\/media?parent=54120"}],"wp:term":[{"taxonomy":"dipi_cpt_category","embeddable":true,"href":"https:\/\/www.fondazionemps.it\/en\/wp-json\/wp\/v2\/dipi_cpt_category?post=54120"}],"curies":[{"name":"wp","href":"https:\/\/api.w.org\/{rel}","templated":true}]}}